{"id":1497,"date":"2016-01-30T19:28:27","date_gmt":"2016-01-30T18:28:27","guid":{"rendered":"http:\/\/www.ssg-fliegerhorst.de\/?page_id=1497"},"modified":"2020-01-11T21:24:32","modified_gmt":"2020-01-11T20:24:32","slug":"ergebnisse-2016","status":"publish","type":"page","link":"https:\/\/ssg-fliegerhorst.de\/?page_id=1497","title":{"rendered":"Ergebnisse 2016"},"content":{"rendered":"<p><a href=\"https:\/\/ssg-fliegerhorst.de\/wp-content\/uploads\/2016\/01\/20161203_133529-1.jpg\">Gefl\u00fcgelpreis 2016 Gro\u00dfmoor<\/a><\/p>\n<p><a href=\"https:\/\/ssg-fliegerhorst.de\/wp-content\/uploads\/2016\/01\/20161203_135009-1.jpg\">Trap-Pokal 2016 Gro\u00dfmoor<\/a><\/p>\n<p><a href=\"https:\/\/ssg-fliegerhorst.de\/wp-content\/uploads\/2016\/01\/Ergebnisse_LM_DG_2016.pdf\">LM DG1,2 Hohenhorn 09.09.2016<\/a><\/p>\n<p><a href=\"https:\/\/ssg-fliegerhorst.de\/wp-content\/uploads\/2016\/07\/DOC-20160725-WA0001.pdf\">LM ZG1\/4 Boitzen 23.07.2016<\/a><\/p>\n<p><a href=\"https:\/\/ssg-fliegerhorst.de\/wp-content\/uploads\/2016\/01\/SSG_VM16_1.pdf\">SSG_VM16_1<\/a><\/p>\n<p><a href=\"https:\/\/ssg-fliegerhorst.de\/wp-content\/uploads\/2016\/01\/SSG_VM16_2.pdf\">SSG_VM16_2<\/a><\/p>\n<p><a href=\"https:\/\/ssg-fliegerhorst.de\/wp-content\/uploads\/2016\/01\/SSG_VM16_3.pdf\">SSG_VM16_3<\/a><\/p>\n<p>&nbsp;<\/p>\n","protected":false},"excerpt":{"rendered":"<p>Gefl\u00fcgelpreis 2016 Gro\u00dfmoor Trap-Pokal 2016 Gro\u00dfmoor LM DG1,2 Hohenhorn 09.09.2016 LM ZG1\/4 Boitzen 23.07.2016 SSG_VM16_1 SSG_VM16_2 SSG_VM16_3 &nbsp;<\/p>\n","protected":false},"author":1,"featured_media":0,"parent":79,"menu_order":14,"comment_status":"open","ping_status":"closed","template":"","meta":{"footnotes":""},"class_list":["post-1497","page","type-page","status-publish","hentry"],"_links":{"self":[{"href":"https:\/\/ssg-fliegerhorst.de\/index.php?rest_route=\/wp\/v2\/pages\/1497","targetHints":{"allow":["GET"]}}],"collection":[{"href":"https:\/\/ssg-fliegerhorst.de\/index.php?rest_route=\/wp\/v2\/pages"}],"about":[{"href":"https:\/\/ssg-fliegerhorst.de\/index.php?rest_route=\/wp\/v2\/types\/page"}],"author":[{"embeddable":true,"href":"https:\/\/ssg-fliegerhorst.de\/index.php?rest_route=\/wp\/v2\/users\/1"}],"replies":[{"embeddable":true,"href":"https:\/\/ssg-fliegerhorst.de\/index.php?rest_route=%2Fwp%2Fv2%2Fcomments&post=1497"}],"version-history":[{"count":7,"href":"https:\/\/ssg-fliegerhorst.de\/index.php?rest_route=\/wp\/v2\/pages\/1497\/revisions"}],"predecessor-version":[{"id":2435,"href":"https:\/\/ssg-fliegerhorst.de\/index.php?rest_route=\/wp\/v2\/pages\/1497\/revisions\/2435"}],"up":[{"embeddable":true,"href":"https:\/\/ssg-fliegerhorst.de\/index.php?rest_route=\/wp\/v2\/pages\/79"}],"wp:attachment":[{"href":"https:\/\/ssg-fliegerhorst.de\/index.php?rest_route=%2Fwp%2Fv2%2Fmedia&parent=1497"}],"curies":[{"name":"wp","href":"https:\/\/api.w.org\/{rel}","templated":true}]}}