{"id":18,"date":"2015-06-17T20:40:28","date_gmt":"2015-06-17T18:40:28","guid":{"rendered":"http:\/\/www.ssg-fliegerhorst.de\/wordpress\/?page_id=18"},"modified":"2021-12-19T12:01:20","modified_gmt":"2021-12-19T11:01:20","slug":"startseite-2","status":"publish","type":"page","link":"https:\/\/ssg-fliegerhorst.de\/","title":{"rendered":"Startseite"},"content":{"rendered":"\n<p>Hier findet Ihr alles Wissenswerte \u00fcber <a href=\"https:\/\/ssg-fliegerhorst.de\/?page_id=29\">unseren Verein <\/a><br>und unsere schie\u00dfsportlichen Aktivit\u00e4ten.<br>Angemeldete Mitglieder finden hier auch auch Wettkampf-Ergebnisse, Termine, Neuigkeiten und Bilder von unseren Veranstaltungen. F\u00fcr den Zugriff auf den Mitgliederbereich bitte E-mail an den <span style=\"font-size: small;\"><a href=\"mailto:admin@ssg-fliegerhorst.de\">Admin<\/a><\/span> schicken.<\/p>\n\n\n\n<p><\/p>\n\n\n\n<p><strong><kbd><span style=\"color:#a30400\" class=\"has-inline-color\">F\u00fcr Neuigkeiten zum aktuellen Trainingsbetrieb bitte die Beitr\u00e4ge beachten (Seitenleiste)!<\/span><\/kbd><\/strong><\/p>\n\n\n\n<p><\/p>\n","protected":false},"excerpt":{"rendered":"<p>Hier findet Ihr alles Wissenswerte \u00fcber unseren Verein und unsere schie\u00dfsportlichen Aktivit\u00e4ten.Angemeldete Mitglieder finden hier auch auch Wettkampf-Ergebnisse, Termine, Neuigkeiten und Bilder von unseren Veranstaltungen. F\u00fcr den Zugriff auf den &hellip; <a href=\"https:\/\/ssg-fliegerhorst.de\/\" class=\"more-link\"><span class=\"screen-reader-text\">Startseite<\/span> weiterlesen <span class=\"meta-nav\">&rarr;<\/span><\/a><\/p>\n","protected":false},"author":1,"featured_media":0,"parent":0,"menu_order":0,"comment_status":"closed","ping_status":"closed","template":"","meta":{"footnotes":""},"class_list":["post-18","page","type-page","status-publish","hentry"],"_links":{"self":[{"href":"https:\/\/ssg-fliegerhorst.de\/index.php?rest_route=\/wp\/v2\/pages\/18","targetHints":{"allow":["GET"]}}],"collection":[{"href":"https:\/\/ssg-fliegerhorst.de\/index.php?rest_route=\/wp\/v2\/pages"}],"about":[{"href":"https:\/\/ssg-fliegerhorst.de\/index.php?rest_route=\/wp\/v2\/types\/page"}],"author":[{"embeddable":true,"href":"https:\/\/ssg-fliegerhorst.de\/index.php?rest_route=\/wp\/v2\/users\/1"}],"replies":[{"embeddable":true,"href":"https:\/\/ssg-fliegerhorst.de\/index.php?rest_route=%2Fwp%2Fv2%2Fcomments&post=18"}],"version-history":[{"count":64,"href":"https:\/\/ssg-fliegerhorst.de\/index.php?rest_route=\/wp\/v2\/pages\/18\/revisions"}],"predecessor-version":[{"id":3704,"href":"https:\/\/ssg-fliegerhorst.de\/index.php?rest_route=\/wp\/v2\/pages\/18\/revisions\/3704"}],"wp:attachment":[{"href":"https:\/\/ssg-fliegerhorst.de\/index.php?rest_route=%2Fwp%2Fv2%2Fmedia&parent=18"}],"curies":[{"name":"wp","href":"https:\/\/api.w.org\/{rel}","templated":true}]}}