{"id":2355,"date":"2018-06-05T22:05:24","date_gmt":"2018-06-05T20:05:24","guid":{"rendered":"http:\/\/www.ssg-fliegerhorst.de\/?page_id=2355"},"modified":"2022-12-18T22:14:57","modified_gmt":"2022-12-18T21:14:57","slug":"http-www-ssg-fliegerhorst-de-datenschutz","status":"publish","type":"page","link":"https:\/\/ssg-fliegerhorst.de\/?page_id=2355","title":{"rendered":"Datenschutzerkl\u00e4rung"},"content":{"rendered":"\n<h1 class=\"wp-block-heading\"><strong>Datenschutzerkl\u00e4rung f\u00fcr die Nutzung der Webseite<\/strong><\/h1>\n\n\n\n<h2 class=\"wp-block-heading\">Wer wir sind<\/h2>\n\n\n\n<p>Wir sind ein eingetragener Verein zur Aus\u00fcbung des Schie\u00dfsports. Verantwortliche Stelle im Sinne der Datenschutzgesetze, insbesondere der EU-Datenschutzgrundverordnung (DSGVO), ist: <\/p>\n\n\n\n<p>Schie\u00dfsportgemeinschaft Fliegerhorst Wunstorf e.V.<br>Bernd Fachinger<br>Bruchweg 6<br>31515 Wunstorf<br>Deutschland<\/p>\n\n\n\n<p><strong>Vertreten durch:<\/strong> Bernd Fachinger<\/p>\n\n\n\n<div class=\"wp-block-group\"><div class=\"wp-block-group__inner-container is-layout-constrained wp-block-group-is-layout-constrained\">\n<p><strong>Kontakt:<\/strong><br>Telefon: +49 176 968 863 55<br>E-Mail: berndfachinger (at) aol.de<\/p>\n<\/div><\/div>\n\n\n\n<p>Vereinsregister: 10 VR 877 <\/p>\n\n\n\n<p>Verantwortlich f\u00fcr die Website: Bernd Fachinger<\/p>\n\n\n\n<h2 class=\"wp-block-heading\"><strong>Betroffenenrechte<\/strong><\/h2>\n\n\n\n<p>Wenn Du ein Konto auf dieser Website besitzt oder Kommentare geschrieben hast, kannst Du einen Export deiner personenbezogenen Daten bei uns anfordern, inklusive aller Daten, die Du uns mitgeteilt hast. Dar\u00fcber hinaus kannst Du die L\u00f6schung aller personenbezogenen Daten, die wir von Dir gespeichert haben, anfordern. Dies umfasst nicht die Daten, die wir aufgrund administrativer, rechtlicher oder sicherheitsrelevanter Notwendigkeiten aufbewahren m\u00fcssen.<\/p>\n\n\n\n<h2 class=\"wp-block-heading\"><strong>Verarbeitete Daten auf dieser Webseite<\/strong><\/h2>\n\n\n\n<p>Auf dieser Webseite werden mindestens folgende Daten unbefristet gespeichert und nur registrierten Vereinsmitgliedern zug\u00e4nglich gemacht:<\/p>\n\n\n\n<ul class=\"wp-block-list\">\n<li>Eigener Anmeldename<\/li>\n\n\n\n<li>Eigener Spitzname (i. d. R. identisch mit dem Anmeldenamen)<\/li>\n\n\n\n<li>Eigenes Passwort f\u00fcr die Anmeldung<\/li>\n\n\n\n<li>Fotos von Vereinsmitgliedern auf gemeinsamen Veranstaltungen<\/li>\n\n\n\n<li>Wettkampfergebnisse, die teilweise auf der Verbands-Webseite frei zug\u00e4nglich sind<\/li>\n\n\n\n<li>Beitr\u00e4ge und Kommentare<\/li>\n\n\n\n<li>Vereinsinterne Termine<\/li>\n\n\n\n<li>Hochgeladene Medien (z. B. Bilder, Videos, Dokumente).<\/li>\n<\/ul>\n\n\n\n<p>Ein Auszug der aktuell von Dir verarbeiteten Daten ist ganz unten auf dieser Seite angef\u00fcgt.<\/p>\n\n\n\n<h2 class=\"wp-block-heading\">Wie lange wir Deine Daten speichern<\/h2>\n\n\n\n<p>Wenn Du einen Kommentar schreibst, wird dieser inklusive Metadaten zeitlich unbegrenzt gespeichert. Auf diese Art k\u00f6nnen wir Folgekommentare automatisch erkennen und freigeben, anstelle sie in einer Moderations-Warteschlange festzuhalten. F\u00fcr Benutzer, die sich auf unserer Website registrieren, speichern wir zus\u00e4tzlich die pers\u00f6nlichen Informationen, die sie in ihren Benutzerprofilen angeben. Alle Benutzer k\u00f6nnen jederzeit ihre pers\u00f6nlichen Informationen einsehen, ver\u00e4ndern oder l\u00f6schen (der Benutzername kann nicht ver\u00e4ndert werden). Administratoren der Website k\u00f6nnen diese Informationen ebenfalls einsehen und ver\u00e4ndern.<\/p>\n\n\n\n<h2 class=\"wp-block-heading\"><strong>Zwecke der Datenverarbeitung durch die verantwortliche Stelle und Dritte<\/strong><\/h2>\n\n\n\n<p>Wir verarbeiten Ihre personenbezogenen Daten auf dieser Webseite nur zu den in dieser Datenschutzerkl\u00e4rung genannten Zwecken:<\/p>\n\n\n\n<ul class=\"wp-block-list\">\n<li>Vereinsinterne Kommunikation<\/li>\n\n\n\n<li>Vereinsinterne Dokumentation und Verteilung der o. g. Daten.<\/li>\n<\/ul>\n\n\n\n<p>Eine \u00dcbermittlung Deiner pers\u00f6nlichen Daten an Dritte zu anderen als den genannten Zwecken findet nicht statt. Wir geben Deine pers\u00f6nlichen Daten nur an Dritte weiter, wenn:<\/p>\n\n\n\n<ul class=\"wp-block-list\">\n<li>Du Deine ausdr\u00fcckliche Einwilligung dazu erteilt hast,<\/li>\n\n\n\n<li>die Verarbeitung zur Erf\u00fcllung einer rechtlichen Verpflichtung erforderlich ist,<\/li>\n\n\n\n<li>die Verarbeitung zur Wahrung berechtigter Interessen erforderlich ist und<\/li>\n\n\n\n<li>kein Grund zur Annahme besteht, dass Du ein \u00fcberwiegendes schutzw\u00fcrdiges Interesse an der Nichtweitergabe Ihrer Daten hast.<\/li>\n<\/ul>\n\n\n\n<h2 class=\"wp-block-heading\"><strong>L\u00f6schung bzw. Sperrung der Daten<\/strong><\/h2>\n\n\n\n<p>Wir halten uns an die Grunds\u00e4tze der Datenvermeidung und Datensparsamkeit. Wir speichern Deine personenbezogenen Daten daher nur so lange, wie dies zur Erreichung der hier genannten Zwecke erforderlich ist oder wie es die vom Gesetzgeber vorgesehenen vielf\u00e4ltigen Speicherfristen vorsehen. Nach Fortfall des jeweiligen Zweckes bzw. Ablauf dieser Fristen werden die entsprechenden Daten routinem\u00e4\u00dfig und entsprechend den gesetzlichen Vorschriften gesperrt oder gel\u00f6scht.<\/p>\n\n\n\n<h2 class=\"wp-block-heading\"><strong>Ma\u00dfnahmen gegen Datenschutzverletzungen<\/strong><\/h2>\n\n\n\n<p>Der Austausch sensibler und personenbezogener Daten mit der Webseite ist SSL-verschl\u00fcsselt. Die Webseite ist auf Basis von <a href=\"https:\/\/wordpress.org\/\">WordPress<\/a> erstellt worden. Die WordPress Basisinstallation sowie alle Plugins werden immer auf dem aktuellen Stand gehalten, um bekannte Sicherheitsl\u00fccken von WordPress schnellstm\u00f6glich zu schlie\u00dfen. Die Sicherheitskopien der Webseite und aller darin gespeicherten Daten werden lokal auf einem verschl\u00fcsselten Laufwerk eines PCs sowie auf externen Backupmedien gespeichert, die entweder ebenfalls verschl\u00fcsselt sind oder in einem Tresor gelagert werden. Im Fall von erkannten Datenschutzverletzungen werden wir die betroffenen Nutzer sofort informieren und sofortige Gegenma\u00dfnahmen ergreifen, z. B. R\u00fccksetzen von Zugangsdaten oder Sperrung von Nutzerkonten.<\/p>\n\n\n\n<h2 class=\"wp-block-heading\"><strong>Erfassung allgemeiner Informationen beim Besuch unserer Website<\/strong><\/h2>\n\n\n\n<p>Diese Informationen (Server-Logfiles) beinhalten etwa die Art des Webbrowsers, das verwendete Betriebssystem, den Domainnamen Ihres Internet-Service-Providers und \u00e4hnliches. Hierbei handelt es sich ausschlie\u00dflich um Informationen, welche keine R\u00fcckschl\u00fcsse auf Deine Person zulassen. Diese Informationen sind technisch notwendig, um von Dir angeforderte Inhalte von Webseiten korrekt auszuliefern und fallen bei Nutzung des Internets zwingend an. Sie werden insbesondere zu folgenden Zwecken verarbeitet:<\/p>\n\n\n\n<ul class=\"wp-block-list\">\n<li>Sicherstellung eines problemlosen Verbindungsaufbaus der Website,<\/li>\n\n\n\n<li>Sicherstellung einer reibungslosen Nutzung unserer Website,<\/li>\n\n\n\n<li>Auswertung der Systemsicherheit und -stabilit\u00e4t sowie<\/li>\n\n\n\n<li>zu weiteren administrativen Zwecken.<\/li>\n<\/ul>\n\n\n\n<p>Die Verarbeitung Deiner personenbezogenen Daten basiert auf unserem berechtigten Interesse aus den vorgenannten Zwecken zur Datenerhebung. Wir verwenden Deine Daten nicht, um R\u00fcckschl\u00fcsse auf Ihre Person zu ziehen. Empf\u00e4nger der Daten sind nur die verantwortliche Stelle und ggf. Auftragsverarbeiter. Anonyme Informationen dieser Art werden von uns ggfs. statistisch ausgewertet, um unseren Internetauftritt und die dahinterstehende Technik zu optimieren.<\/p>\n\n\n\n<h2 class=\"wp-block-heading\"><strong>Registrierung auf unserer Webseite<\/strong><\/h2>\n\n\n\n<p>Bei der Registrierung f\u00fcr die Nutzung unserer personalisierten Leistungen werden einige personenbezogene Daten erhoben, mindestens Nutzername, Spitzname, Passwort und E-Mail-Adresse. Weitere Angaben sind optional. Bist Du bei uns registriert, kannst Du auf Inhalte und Leistungen zugreifen, die wir nur registrierten Nutzern anbieten. Angemeldete Nutzer haben zudem die M\u00f6glichkeit, bei Bedarf die bei Registrierung angegebenen Daten jederzeit zu \u00e4ndern. Selbstverst\u00e4ndlich erteilen wir Dir dar\u00fcber hinaus jederzeit Auskunft \u00fcber die von uns \u00fcber Sie gespeicherten personenbezogenen Daten (siehe ganz unten auf dieser Seite). Gerne berichtigen bzw. l\u00f6schen wir diese auch auf Deine Wunsch, soweit keine gesetzlichen Aufbewahrungspflichten entgegenstehen. Zur Kontaktaufnahme in diesem Zusammenhang nutze bitte die am Ende dieser Datenschutzerkl\u00e4rung angegebenen Kontaktdaten.<\/p>\n\n\n\n<h2 class=\"wp-block-heading\"><strong>Kommentarfunktion<\/strong><\/h2>\n\n\n\n<p>Wenn Besucher Kommentare auf der Website schreiben, sammeln wir die Daten, die im Kommentar-Formular angezeigt werden, au\u00dferdem die IP-Adresse des Besuchers und den User-Agent-String (damit wird der Browser identifiziert), um die Erkennung von Spam zu unterst\u00fctzen. Aus Deiner E-Mail-Adresse kann eine anonymisierte Zeichenfolge erstellt (auch Hash genannt) und dem Gravatar-Dienst \u00fcbergeben werden, um zu pr\u00fcfen, ob Du diesen benutzt. Die Datenschutzerkl\u00e4rung des Gravatar-Dienstes findest Du hier: <a href=\"https:\/\/automattic.com\/privacy\/\">https:\/\/automattic.com\/privacy\/<\/a>. Nachdem Dein Kommentar freigegeben wurde, ist Dein Profilbild \u00f6ffentlich im Kontext Deines Kommentars sichtbar.<\/p>\n\n\n\n<h2 class=\"wp-block-heading\"><strong>Hochgeladene Medien<\/strong><\/h2>\n\n\n\n<p>Wenn Du ein registrierter Benutzer bist und Fotos auf diese Website l\u00e4dst, solltest Du vermeiden, Fotos mit einem EXIF-GPS-Standort hochzuladen. Besucher dieser Website k\u00f6nnten Fotos, die auf dieser Website gespeichert sind, herunterladen und deren Standort-Informationen extrahieren.<\/p>\n\n\n\n<h2 class=\"wp-block-heading\"><strong>Eingebettete Inhalte von anderen Websites<\/strong><\/h2>\n\n\n\n<p>Beitr\u00e4ge auf dieser Website k\u00f6nnen eingebettete Inhalte beinhalten (z. B. Videos, Bilder, Beitr\u00e4ge etc.). Eingebettete Inhalte von anderen Websites verhalten sich exakt so, als ob der Besucher die andere Website besucht h\u00e4tte. Diese Websites k\u00f6nnen Daten \u00fcber Dich sammeln, Cookies benutzen, zus\u00e4tzliche Tracking-Dienste von Dritten einbetten und Deine Interaktion mit diesem eingebetteten Inhalt aufzeichnen, inklusive Deiner Interaktion mit dem eingebetteten Inhalt, falls Du ein Konto hast und auf dieser Website angemeldet bist.<\/p>\n\n\n\n<h2 class=\"wp-block-heading\">Mit wem wir deine Daten teilen<\/h2>\n\n\n\n<p>Wir teilen alle gespeicherten Daten der Webseite mit unserem Provider: Host Europe GmbH Hansestrasse 111, 51149 K\u00f6ln Registergericht: Amtsgericht K\u00f6ln Registernummer: HRB 28495 Umsatzsteuer-ID: DE187370678 Telefon: +49 2203 9934 1040 Telefax: +49 2203 9934 1042 E-Mail: info@hosteurope.de Datenschutz: <a href=\"https:\/\/www.hosteurope.de\/terms-and-conditions\/privacy\/\">https:\/\/www.hosteurope.de\/terms-and-conditions\/privacy\/<\/a><\/p>\n\n\n\n<h2 class=\"wp-block-heading\"><strong>Verwendung von Scriptbibliotheke<\/strong><strong>n (Google Webfonts)<\/strong><\/h2>\n\n\n\n<p>Um unsere Inhalte browser\u00fcbergreifend korrekt und grafisch ansprechend darzustellen, verwenden wir auf dieser Website Scriptbibliotheken und Schriftbibliotheken wie z. B. Google Webfonts (<a href=\"http:\/\/www.google.com\/webfonts\/\">https:\/\/www.google.com\/webfonts\/<\/a>). Google Webfonts werden zur Vermeidung mehrfachen Ladens in den Cache Ihres Browsers \u00fcbertragen. Falls der Browser die Google Webfonts nicht unterst\u00fctzt oder den Zugriff unterbindet, werden Inhalte in einer Standardschrift angezeigt. Der Aufruf von Scriptbibliotheken oder Schriftbibliotheken l\u00f6st automatisch eine Verbindung zum Betreiber der Bibliothek aus. Dabei ist es theoretisch m\u00f6glich \u2013 aktuell allerdings auch unklar ob und ggf. zu welchen Zwecken \u2013 dass Betreiber entsprechender Bibliotheken Daten erheben. Die Datenschutzrichtlinie des Bibliothekbetreibers Google finden Sie hier:<a href=\"https:\/\/www.google.com\/policies\/privacy\/\"> https:\/\/www.google.com\/policies\/privacy\/<\/a><\/p>\n\n\n\n<h2 class=\"wp-block-heading\"><strong>Verwendung von Adobe Typekit<\/strong><\/h2>\n\n\n\n<p>Wir setzen Adobe Typekit zur visuellen Gestaltung unserer Website ein. Typekit ist ein Dienst der Adobe Systems Software Ireland Ltd. der uns den Zugriff auf eine Schriftartenbibliothek gew\u00e4hrt. Zur Einbindung der von uns benutzten Schriftarten, muss Dein Browser eine Verbindung zu einem Server von Adobe in den USA aufbauen und die f\u00fcr unsere Website ben\u00f6tigte Schriftart herunterladen. Adobe erh\u00e4lt hierdurch die Information, dass von Ihrer IP-Adresse unsere Website aufgerufen wurde. Weitere Informationen zu Adobe Typekit findest Du in den Datenschutzhinweisen von Adobe, die Du hier abrufen kannst:<a href=\"http:\/\/www.adobe.com\/privacy\/typekit.html\"> www.adobe.com\/privacy\/typekit.html<\/a><\/p>\n\n\n\n<h2 class=\"wp-block-heading\"><strong>Verwendung von Google Maps<\/strong><\/h2>\n\n\n\n<p>Diese Webseite verwendet Google Maps API, um geographische Informationen visuell darzustellen. Bei der Nutzung von Google Maps werden von Google auch Daten \u00fcber die Nutzung der Kartenfunktionen durch Besucher erhoben, verarbeitet und genutzt. N\u00e4here Informationen \u00fcber die Datenverarbeitung durch Google kannst Du<a href=\"http:\/\/www.google.com\/privacypolicy.html\"> den Google-Datenschutzhinweisen<\/a> entnehmen. Dort kannst Du im Datenschutzcenter auch Deine pers\u00f6nlichen Datenschutz-Einstellungen ver\u00e4ndern. Ausf\u00fchrliche Anleitungen zur Verwaltung der eigenen Daten im Zusammenhang mit Google-Produkten<a href=\"http:\/\/www.dataliberation.org\/\"> findest Du hier<\/a>.<\/p>\n\n\n\n<h2 class=\"wp-block-heading\"><strong>\u00c4nderung unserer Datenschutzbestimmungen<\/strong><\/h2>\n\n\n\n<p>Wir behalten uns vor, diese Datenschutzerkl\u00e4rung anzupassen, damit sie stets den aktuellen rechtlichen Anforderungen entspricht oder um \u00c4nderungen unserer Leistungen in der Datenschutzerkl\u00e4rung umzusetzen, z.B. bei der Einf\u00fchrung neuer Services. F\u00fcr Deinen erneuten Besuch gilt dann die neue Datenschutzerkl\u00e4rung.<\/p>\n\n\n\n<h2 class=\"wp-block-heading\">Von welchen Drittanbietern wir Daten erhalten<\/h2>\n\n\n\n<p>Wir erhalten keine Nutzerdaten von Drittanbietern.<\/p>\n\n\n\n<h2 class=\"wp-block-heading\"><strong>Fragen an den Datenschutzbeauftragten<\/strong><\/h2>\n\n\n\n<p>Wenn Du Fragen zum Datenschutz hast, schreib uns bitte eine E-Mail oder wende Dich direkt an die f\u00fcr den Datenschutz verantwortliche Person in unserem Verein: <a href=\"mailto:admin@ssg-fliegerhorst.de\">admin@ssg-fliegerhorst.de<\/a> oder <a href=\"mailto:taal54@web.de\">taal54@web.de<\/a><\/p>\n\n\n\n<hr class=\"wp-block-separator has-alpha-channel-opacity\"\/>\n\n\n\n<h2 class=\"wp-block-heading\">WordPress-Plugin \u201eWhen last login\u201c(Originaltext):<\/h2>\n\n\n\n<h3 class=\"wp-block-heading\">What personal data we collect and why we collect it<\/h3>\n\n\n\n<p>An IP address will be collected and anonymized before storing it to the database. Additional data such as login time and number of logins will be stored for analytical and security reasons.<\/p>\n\n\n\n<h3 class=\"wp-block-heading\">How long we retain your data<\/h3>\n\n\n\n<p>Subscriber information is retained in the local database indefinitely for analytic purposes and for future export. Data is retained until requested or user has been deleted.<\/p>\n\n\n\n<h3 class=\"wp-block-heading\">Where we send your data<\/h3>\n\n\n\n<p>When Last Login does not send any user data outside of your site by default.<\/p>\n\n\n\n<p>If you have any Add Ons installed to send login data to a 3rd part service such as Zapier, user info may be passed to these external services. These services may be located abroad.<\/p>\n\n\n\n<hr class=\"wp-block-separator has-alpha-channel-opacity\"\/>\n\n\n\n<h2 class=\"wp-block-heading\">WordPress-Plugin \u201eEvents Calendar\u201c(Originaltext):<\/h2>\n\n\n\n<h3 class=\"wp-block-heading\">Welche pers\u00f6nlichen Daten sammeln wir und warum sammeln wir diese?<\/h3>\n\n\n\n<h4 class=\"wp-block-heading\">Informationen zu Veranstaltung, Veranstaltungsort und Veranstalter<\/h4>\n\n\n\n<p>Wenn Du Veranstaltungs-, Tagungsort- oder Organisatorinformationen erstellst, sendest, importierst, speicherst oder ver\u00f6ffentlichst, werden diese Informationen in der lokalen Datenbank gespeichert:<\/p>\n\n\n\n<ol class=\"wp-block-list\">\n<li>Angaben zum Veranstaltungsort: Name, Adresse, Stadt, Land, Bundesland, Postleitzahl, Telefon, Website, geografische Koordinaten (L\u00e4ngen- und Breitengrad)<\/li>\n\n\n\n<li>Informationen zum Veranstalter: Name, Telefon, Website, E-Mail<\/li>\n\n\n\n<li>Veranstaltungsinformationen: Website, Eintritt, Beschreibung, Datum, Uhrzeit, Bild<\/li>\n<\/ol>\n\n\n\n<h4 class=\"wp-block-heading\">Importieren von Veranstaltungen, Veranstaltungsorten und Veranstaltern:<\/h4>\n\n\n\n<ol class=\"wp-block-list\">\n<li>Alle Daten in einer CSV- oder ICS-Datei und externen URLs (f\u00fcr Veranstaltungen, Veranstaltungsorte, Veranstalter und Tickets)<\/li>\n\n\n\n<li>Import von Ursprungsdaten (URL, von der Ereignisse importiert werden \u2013 wie Eventbrite, MeetUp, andere kompatible URL-Quellen und mehr, die \u00e4hnliche oder dieselben Daten wie oben aufgef\u00fchrt enthalten k\u00f6nnen)<\/li>\n\n\n\n<li>Eventbrite Ticketinformationen: Name, Beschreibung, Kosten, Art, Menge<\/li>\n<\/ol>\n\n\n\n<p>Bitte beachten, dass ein Nutzer ein Website-Konto f\u00fcr diese Domain besitzen muss, um \u00fcber das Anmeldeformular f\u00fcr Community-Events neue Events zu erstellen. Diese Information wird in der lokalen Datenbank beibehalten. Es ist auch m\u00f6glich, Ereignisse anonym zu erstellen, wenn der Websitebesitzer diese Option aktiviert hat.<\/p>\n\n\n\n<p>Beim Kauf von Eventbrite-Tickets werden Teilnehmer-, K\u00e4ufer- und Bestellinformationen von Eventbrite gespeichert und verwaltet.<\/p>\n\n\n\n<h3 class=\"wp-block-heading\">API-Schl\u00fcssel<\/h3>\n\n\n\n<p>Wir verwenden bestimmte API-Keys, um bestimmte Funktionen bereitzustellen.<\/p>\n\n\n\n<p>Diese API-Schl\u00fcssel k\u00f6nnen die folgenden Dienste von Drittanbietern enthalten: Google Maps, Facebook, Meetup, PayPal und Eventbrite (API-Schl\u00fcssel, Authentifizierungs-URL und Client Secret).<\/p>\n\n\n\n<h1 class=\"wp-block-heading\">Cookies<\/h1>\n\n\n\n<p>Wir verwenden die folgenden Cookies f\u00fcr die genannten Aktionen und Funktionen:<\/p>\n\n\n\n<h3 class=\"wp-block-heading\">Allgemeine Cookies<\/h3>\n\n\n\n<p>Die nachfolgenden Cookies z\u00e4hlen zu den technisch notwendigen Cookies. <strong>Cookies von WordPress<\/strong><\/p>\n\n\n\n<figure class=\"wp-block-table\"><table><tbody><tr><th>Name<\/th><th>Zweck<\/th><th>G\u00fcltigkeit<\/th><\/tr><tr><td>wordpress_test_cookie<\/td><td>Dieses Cookie ermittelt, ob die Verwendung von Cookies im Browser deaktiviert wurde. Speicherdauer: Bis zum Ende der Browsersitzung (wird beim Schlie\u00dfen Ihres Internet-Browsers gel\u00f6scht).<\/td><td>Session<\/td><\/tr><tr><td>PHPSESSID<\/td><td>Dieses Cookie speichert Ihre aktuelle Sitzung mit Bezug auf PHP-Anwendungen und gew\u00e4hrleistet so, dass alle Funktionen dieser Website, die auf der PHP-Programmiersprache basieren, vollst\u00e4ndig angezeigt werden k\u00f6nnen. Speicherdauer: Bis zum Ende der Browsersitzung (wird beim Schlie\u00dfen Ihres Internet-Browsers gel\u00f6scht).<\/td><td>Session<\/td><\/tr><tr><td>wordpress_akm_mobile<\/td><td>Diese Cookies werden nur f\u00fcr den Verwaltungsbereich von WordPress verwendet.<\/td><td>1 Jahr<\/td><\/tr><tr><td>wordpress_logged_in_akm_mobile<\/td><td>Diese Cookies werden nur f\u00fcr den Verwaltungsbereich von WordPress verwendet und gelten f\u00fcr andere Seitenbesucher nicht.<\/td><td>Session<\/td><\/tr><tr><td>wp-settings-akm_mobile<\/td><td>Diese Cookies werden nur f\u00fcr den Verwaltungsbereich von WordPress verwendet und gelten f\u00fcr andere Seitenbesucher nicht.<\/td><td>Session<\/td><\/tr><tr><td>wp-settings-time-akm_mobile<\/td><td>Diese Cookies werden nur f\u00fcr den Verwaltungsbereich von WordPress verwendet und gelten f\u00fcr andere Seitenbesucher nicht.<\/td><td>Session<\/td><\/tr><tr><td>ab<\/td><td>wird f\u00fcr A\/B-Tests von neuen Funktionen verwendet.<\/td><td>Session<\/td><\/tr><tr><td>akm_mobile<\/td><td>speichert, ob der Besucher die Mobilversion einer Website angezeigt bekommen m\u00f6chte.<\/td><td>1 Tag<\/td><\/tr><\/tbody><\/table><\/figure>\n\n\n<div class='dsgvoaio_notice_info'><span class='dashicons dashicons-info'><\/span><b>Fehler:<\/b>Du musst dich einloggen um diese Aktion durchzuf\u00fchren.<\/div>\n\n\n<h2 class=\"wp-block-heading\">\u00c4nderungshistorie<\/h2>\n\n\n\n<p>28.09.2022: Umstellung von HTML auf Block<\/p>\n\n\n\n<p>01.01.2021: Umstieg auf Plugin &#8222;DSGVZO_AIO&#8220;<br>06.03.2019: \u00dcberarbeitung basierend auf dem &#8222;Leitfaden zur Datenschutzerkl\u00e4rung&#8220; von WordPress:<br>Kapitel ge\u00e4ndert oder erg\u00e4nzt: <strong>Verarbeitete Daten auf dieser Webseite<\/strong>,<br><strong>Wer wir sind, \u00c4nderungshistorie, Mit wem wir Deine Daten teilen, Wie lange wir Deine Daten speichern, WordPress-Plugin &#8222;Last Login&#8220;, WordPress-Plugin &#8222;Events Calendar&#8220;, Von welchen Drittanbietern wir Daten erhalten.<\/strong><br>28.06.2018: Erste Version.<\/p>\n","protected":false},"excerpt":{"rendered":"<p>Datenschutzerkl\u00e4rung f\u00fcr die Nutzung der Webseite Wer wir sind Wir sind ein eingetragener Verein zur Aus\u00fcbung des Schie\u00dfsports. Verantwortliche Stelle im Sinne der Datenschutzgesetze, insbesondere der EU-Datenschutzgrundverordnung (DSGVO), ist: Schie\u00dfsportgemeinschaft &hellip; <a href=\"https:\/\/ssg-fliegerhorst.de\/?page_id=2355\" class=\"more-link\"><span class=\"screen-reader-text\">Datenschutzerkl\u00e4rung<\/span> weiterlesen <span class=\"meta-nav\">&rarr;<\/span><\/a><\/p>\n","protected":false},"author":1,"featured_media":0,"parent":0,"menu_order":1,"comment_status":"closed","ping_status":"closed","template":"","meta":{"footnotes":""},"class_list":["post-2355","page","type-page","status-publish","hentry"],"_links":{"self":[{"href":"https:\/\/ssg-fliegerhorst.de\/index.php?rest_route=\/wp\/v2\/pages\/2355","targetHints":{"allow":["GET"]}}],"collection":[{"href":"https:\/\/ssg-fliegerhorst.de\/index.php?rest_route=\/wp\/v2\/pages"}],"about":[{"href":"https:\/\/ssg-fliegerhorst.de\/index.php?rest_route=\/wp\/v2\/types\/page"}],"author":[{"embeddable":true,"href":"https:\/\/ssg-fliegerhorst.de\/index.php?rest_route=\/wp\/v2\/users\/1"}],"replies":[{"embeddable":true,"href":"https:\/\/ssg-fliegerhorst.de\/index.php?rest_route=%2Fwp%2Fv2%2Fcomments&post=2355"}],"version-history":[{"count":47,"href":"https:\/\/ssg-fliegerhorst.de\/index.php?rest_route=\/wp\/v2\/pages\/2355\/revisions"}],"predecessor-version":[{"id":5444,"href":"https:\/\/ssg-fliegerhorst.de\/index.php?rest_route=\/wp\/v2\/pages\/2355\/revisions\/5444"}],"wp:attachment":[{"href":"https:\/\/ssg-fliegerhorst.de\/index.php?rest_route=%2Fwp%2Fv2%2Fmedia&parent=2355"}],"curies":[{"name":"wp","href":"https:\/\/api.w.org\/{rel}","templated":true}]}}