{"id":2413,"date":"2018-06-26T21:35:58","date_gmt":"2018-06-26T19:35:58","guid":{"rendered":"http:\/\/www.ssg-fliegerhorst.de\/?page_id=2413"},"modified":"2022-11-20T15:01:42","modified_gmt":"2022-11-20T14:01:42","slug":"interne-datenschutzerklaerung","status":"publish","type":"page","link":"https:\/\/ssg-fliegerhorst.de\/?page_id=2413","title":{"rendered":"Interne Datenschutzerkl\u00e4rung"},"content":{"rendered":"<h1><b>Datenschutzerkl\u00e4rung f\u00fcr die Datennutzung in der SSG Fliegerhorst Wunstorf e.V. <\/b><\/h1>\n<p>Version vom 26.6.2018<b><br \/>\n<\/b><\/p>\n<h2>Einleitung<\/h2>\n<p>F\u00fcr unseren Verein gibt es zwei Datenschutzerkl\u00e4rungen:<\/p>\n<ol>\n<li>Dieses ist die <strong>vollst\u00e4ndige vereinsinterne Datenschutzerkl\u00e4rung<\/strong>, die die interne und externe Datennutzung des Vereins und die spezielle Datennutzung der vereinsinternen Webseite erl\u00e4utert. Sie ist nur vereinsintern zu verteilen, weil wir unsere vereinsinternen Regelungen bewusst nicht ver\u00f6ffentlichen wollen.<\/li>\n<li>F\u00fcr den Betrieb unserer Webseite sind wir nach DSGVO gezwungen, eine <a href=\"http:\/\/www.ssg-fliegerhorst.de\/?page_id=2355\" target=\"_blank\" rel=\"noopener\">\u00f6ffentliche Datenschutzerkl\u00e4rung<\/a> f\u00fcr jeden Webseitenbesucher zu ver\u00f6ffentlichen. Sie soll die Datennutzung bei einfachem Besuch der Seite und Nutzung derselben als registriertes Vereinsmitglied umfassen. Inhaltlich ist sie eine Teilmenge dieses Dokumentes.<\/li>\n<\/ol>\n<h2>Verantwortliche Stelle<\/h2>\n<p>Verantwortliche Stelle im Sinne der Datenschutzgesetze, insbesondere der EU-Datenschutzgrundverordnung (DSGVO), ist:<br \/>\nSSG Fliegerhorst Wunstorf e.V.<\/p>\n<p>Vertreten durch:<br \/>\nBernd Fachinger<br \/>\nBruchweg 6<br \/>\n31515 Wunstorf<br \/>\nDeutschland<\/p>\n<p>Kontakt:<br \/>\nTelefon: +49 50319495230<br \/>\nE-Mail: berndfachinger (at) aol.de<\/p>\n<p>Vereinsregister: 10 VR 877<\/p>\n<h2><b>Ihre Betroffenenrechte<\/b><\/h2>\n<p>Unter den angegebenen Kontaktdaten unseres Datenschutzbeauftragten k\u00f6nnen Sie jederzeit folgende Rechte aus\u00fcben:<\/p>\n<ul>\n<li>Auskunft \u00fcber Ihre bei uns gespeicherten Daten und deren Verarbeitung,<\/li>\n<li>Berichtigung unrichtiger personenbezogener Daten,<\/li>\n<li>L\u00f6schung Ihrer bei uns gespeicherten Daten,<\/li>\n<li>Einschr\u00e4nkung der Datenverarbeitung, sofern wir Ihre Daten aufgrund gesetzlicher Pflichten noch nicht l\u00f6schen d\u00fcrfen,<\/li>\n<li>Widerspruch gegen die Verarbeitung Ihrer Daten bei uns und<\/li>\n<li>Daten\u00fcbertragbarkeit, sofern Sie in die Datenverarbeitung eingewilligt haben oder einen Vertrag mit uns abgeschlossen haben.<\/li>\n<\/ul>\n<p>Sofern Sie uns eine Einwilligung erteilt haben, k\u00f6nnen Sie diese jederzeit mit Wirkung f\u00fcr die Zukunft widerrufen.<\/p>\n<p>Sie k\u00f6nnen sich jederzeit mit einer Beschwerde an die f\u00fcr Sie zust\u00e4ndige Aufsichtsbeh\u00f6rde wenden. Ihre zust\u00e4ndige Aufsichtsbeh\u00f6rde richtet sich nach dem Bundesland Ihres Wohnsitzes, Ihrer Arbeit oder der mutma\u00dflichen Verletzung. Eine Liste der Aufsichtsbeh\u00f6rden (f\u00fcr den nicht\u00f6ffentlichen Bereich) mit Anschrift finden Sie unter:<a href=\"https:\/\/www.bfdi.bund.de\/DE\/Infothek\/Anschriften_Links\/anschriften_links-node.html\"> https:\/\/www.bfdi.bund.de\/DE\/Infothek\/Anschriften_Links\/anschriften_links-node.html<\/a>.<\/p>\n<h2><b>Zwecke der Datenverarbeitung durch die verantwortliche Stelle und Dritte<\/b><\/h2>\n<p>Wir verarbeiten Ihre personenbezogenen Daten nur zu den in dieser Datenschutzerkl\u00e4rung genannten Zwecken. Eine \u00dcbermittlung Ihrer pers\u00f6nlichen Daten an Dritte zu anderen als den genannten Zwecken findet nicht statt. Wir geben Ihre pers\u00f6nlichen Daten nur an Dritte weiter, wenn:<\/p>\n<ul>\n<li>Sie Ihre ausdr\u00fcckliche Einwilligung dazu erteilt haben,<\/li>\n<li>die Verarbeitung zur Abwicklung eines Vertrags mit Ihnen erforderlich ist,<\/li>\n<li>die Verarbeitung zur Erf\u00fcllung einer rechtlichen Verpflichtung erforderlich ist,<\/li>\n<li>die Verarbeitung zur Wahrung berechtigter Interessen erforderlich ist und kein Grund zur Annahme besteht, dass Sie ein \u00fcberwiegendes schutzw\u00fcrdiges Interesse an der Nichtweitergabe Ihrer Daten haben.<\/li>\n<\/ul>\n<h2><b>Welche Daten werden zu welchem Zweck erfasst?<\/b><\/h2>\n<p>Die folgenden personenbezogenen Daten werden zu den genannten Zwecken erhoben, gespeichert und verarbeitet:<\/p>\n<table>\n<tbody>\n<tr>\n<td><b>Personenbezogenes Daten<\/b><\/td>\n<td><b>Verwendungszweck<\/b><\/td>\n<td><b>Speicherung auf<\/b><\/p>\n<p><b>Webseite<\/b><\/td>\n<\/tr>\n<tr>\n<td>Name, Vorname(n)<\/td>\n<td>Vereinsinterne Kommunikation und Verwaltung, Dokumentation f\u00fcr Beh\u00f6rden und BDMP<\/td>\n<td>nein<\/td>\n<\/tr>\n<tr>\n<td>Geschlecht<\/td>\n<td>Vereinsinterne Kommunikation und Verwaltung, Dokumentation f\u00fcr Beh\u00f6rden und BDMP<\/td>\n<td>nein<\/td>\n<\/tr>\n<tr>\n<td>Postalische Adresse<\/td>\n<td>Vereinsinterne Kommunikation und Verwaltung, Dokumentation f\u00fcr Beh\u00f6rden und BDMP<\/td>\n<td>nein<\/td>\n<\/tr>\n<tr>\n<td>Telefonnummer(n)<\/td>\n<td>Vereinsinterne Kommunikation und Verwaltung, Dokumentation f\u00fcr Beh\u00f6rden und BDMP<\/td>\n<td>nein<\/td>\n<\/tr>\n<tr>\n<td>Faxnummer(n)<\/td>\n<td>Vereinsinterne Kommunikation und Verwaltung, Dokumentation f\u00fcr Beh\u00f6rden und BDMP<\/td>\n<td>nein<\/td>\n<\/tr>\n<tr>\n<td>E-mail-Adresse(n)<\/td>\n<td>Vereinsinterne Kommunikation und Verwaltung, Dokumentation f\u00fcr Beh\u00f6rden und BDMP<\/td>\n<td>ja<\/td>\n<\/tr>\n<tr>\n<td>Besitz einer Waffenbesitzkarte ja\/nein<\/td>\n<td>Vereinsinterne Kommunikation und Verwaltung, Dokumentation f\u00fcr Beh\u00f6rden und BDMP<\/td>\n<td>nein<\/td>\n<\/tr>\n<tr>\n<td>Funktion innerhalb des Vereins<\/td>\n<td>Vereinsinterne Kommunikation und Verwaltung, Dokumentation f\u00fcr BDMP<\/td>\n<td>nein<\/td>\n<\/tr>\n<tr>\n<td>Eintrittsdatum in den Verein<\/td>\n<td>Vereinsinterne Kommunikation und Verwaltung, Dokumentation f\u00fcr Beh\u00f6rden und BDMP<\/td>\n<td>nein<\/td>\n<\/tr>\n<tr>\n<td>Ggf. Austrittsdatum aus dem Verein<\/td>\n<td>Vereinsinterne Kommunikation und Verwaltung, Dokumentation f\u00fcr Beh\u00f6rden und BDMP<\/td>\n<td>nein<\/td>\n<\/tr>\n<tr>\n<td>Eintrittsdatum in den Verband (BDMP)<\/td>\n<td>Vereinsinterne Kommunikation und Verwaltung, Dokumentation f\u00fcr Beh\u00f6rden und BDMP<\/td>\n<td>nein<\/td>\n<\/tr>\n<tr>\n<td>Geburtstag<\/td>\n<td>Vereinsinterne Kommunikation und Verwaltung, Dokumentation f\u00fcr Beh\u00f6rden und BDMP<\/td>\n<td>nein<\/td>\n<\/tr>\n<tr>\n<td>Bankverbindung (direkt f\u00fcr SEPA Lastschriftsverfahren oder indirekt bei \u00dcberweisungen auf das Vereinskonto)<\/td>\n<td>Erhebung der Mitgliedsbeitr\u00e4ge<\/td>\n<td>nein<\/td>\n<\/tr>\n<tr>\n<td>Einwilligung zur Datennutzung<\/td>\n<td>Dokumentation zu rechtlichen Zwecken<\/td>\n<td>nein<\/td>\n<\/tr>\n<\/tbody>\n<\/table>\n<p>Die folgenden Daten werden <b>nur auf der vereinsinternen Webseite<\/b> <a href=\"http:\/\/www.ssg-fliegerhorst.de\"><b>http:\/\/www.ssg-fliegerhorst.de<\/b><\/a> zu den genannten Zwecken erfasst und verarbeitet:<\/p>\n<table>\n<tbody>\n<tr>\n<td><b>Personenbezogenes Datum<\/b><\/td>\n<td><b>Verwendungszweck<\/b><\/td>\n<td><b>Speicherung auf<\/b><\/p>\n<p><b>Webseite<\/b><\/td>\n<\/tr>\n<tr>\n<td>Webseiten-Beitr\u00e4ge<\/td>\n<td>Vereinsinterne Kommunikation<\/td>\n<td>ja<\/td>\n<\/tr>\n<tr>\n<td>Webseiten-Kommentare<\/td>\n<td>Vereinsinterne Kommunikation<\/td>\n<td>ja<\/td>\n<\/tr>\n<tr>\n<td>Webseiten-Zugangsdaten: Nutzername, Spitzname, Passwort<\/td>\n<td>Vereinsinterne Kommunikation<\/td>\n<td>ja<\/td>\n<\/tr>\n<tr>\n<td>Webseiten-Zugriffsstatistiken innerhalb der Webseite<\/td>\n<td>Vereinsinterne Kommunikation<\/td>\n<td>ja<\/td>\n<\/tr>\n<tr>\n<td>Webseiten-Termine<\/td>\n<td>Vereinsinterne Kommunikation<\/td>\n<td>ja<\/td>\n<\/tr>\n<tr>\n<td>Webseiten-Wettkampfergebnisse<\/td>\n<td>Vereinsinterne Kommunikation<\/td>\n<td>ja<\/td>\n<\/tr>\n<tr>\n<td>Hochgeladene Bilder und andere Medien<\/td>\n<td>Vereinsinterne Kommunikation<\/td>\n<td>ja<\/td>\n<\/tr>\n<tr>\n<td>Statistiken f\u00fcr Zugriffe auf die Webseite und IP Adresse<\/td>\n<td>Wartung und Verbesserung der Webseite<\/td>\n<td>ja<\/td>\n<\/tr>\n<\/tbody>\n<\/table>\n<h2><b>Wie werden die Daten gespeichert und gesch\u00fctzt?<\/b><\/h2>\n<p>Die erhobenen Daten werden bei folgenden Personen gespeichert:<\/p>\n<ol>\n<li>dem Vereinsvorsitzenden,<\/li>\n<li>dem Webseitenadministrator,<\/li>\n<li>dem stellvertretenden Webseitenadministrator,<\/li>\n<li>dem Schriftf\u00fchrer<\/li>\n<li>und dem Kassenwart.<\/li>\n<\/ol>\n<p>Die Speicherung erfolgt auf mehreren lokalen PCs mit verschl\u00fcsseltem Laufwerk. Die Datensicherung erfolgt auf entweder verschl\u00fcsselten oder im Tresor gelagerten Backup-Medien. Es erfolgt keine Ablage dieser Daten in Cloudmedien. F\u00fcr die Kontaktaufnahme und Kommunikation werden die E-Mail Adressen zus\u00e4tzlich in Adressb\u00fcchern bei E-Mail-Anbietern gespeichert.<\/p>\n<p>Die Daten mit Kennzeichnung \u201cSpeicherung auf Webseite=ja\u201d werden zus\u00e4tzlich auf dem Webserver des Anbieters <a href=\"https:\/\/www.hosteurope.de\" target=\"_blank\" rel=\"noopener\">HostEurope<\/a>\u00a0 gespeichert. Die Webseite auf Basis von <a href=\"https:\/\/de.wordpress.org\/\" target=\"_blank\" rel=\"noopener\">WordPress<\/a> wird immer auf dem aktuellen Stand gehalten, um von WordPress erkannte Sicherheitsl\u00fccken schnellstm\u00f6glich zu schlie\u00dfen.<\/p>\n<p>Der Datenverkehr mit der Webseite ist SSL-verschl\u00fcsselt, um ein Abfangen der Daten zu verhindern &#8211; insbesondere der Zugangsdaten der Vereinsmitglieder.<\/p>\n<p>Die Sicherheitskopien der Webseite und aller darin gespeicherten Daten werden lokal auf einem verschl\u00fcsselten Laufwerk eines PCs sowie auf externen Backupmedien gespeichert, die entweder ebenfalls verschl\u00fcsselt sind oder in einem Tresor gelagert werden.<\/p>\n<p>Im Fall von erkannten Datenschutzverletzungen werden die Vereinsmitglieder sofort informiert und sofortige Gegenma\u00dfnahmen ergriffen.<\/p>\n<h2><b>L\u00f6schung bzw. Sperrung der Daten<\/b><\/h2>\n<p>Wir halten uns an die Grunds\u00e4tze der Datenvermeidung und Datensparsamkeit. Wir speichern Ihre personenbezogenen Daten daher nur so lange, wie dies zur Erreichung der hier genannten Zwecke erforderlich ist oder wie es die vom Gesetzgeber vorgesehenen vielf\u00e4ltigen Speicherfristen vorsehen. Nach Fortfall des jeweiligen Zweckes bzw. Ablauf dieser Fristen werden die entsprechenden Daten routinem\u00e4\u00dfig und entsprechend den gesetzlichen Vorschriften gesperrt oder gel\u00f6scht.<\/p>\n<h2><b>Nutzung von Whatsapp<\/b><\/h2>\n<p>Wie mehrheitlich von den Mitgliedern gew\u00fcnscht wird, nutzt der Verein seit etwa 2015\u00a0<a href=\"https:\/\/www.whatsapp.com\/\" target=\"_blank\" rel=\"noopener\">Whatsapp<\/a> zur internen Vereinskommunikation. Diejenigen Mitglieder, die Mitglied der Whatsapp-Gruppe sind, haben ohnehin den <a href=\"https:\/\/www.whatsapp.com\/legal\/?lg=de#key-updates\">Nutzungsbedingungen und Datenschutzrichtlinien<\/a> von Whatsapp zugestimmt.<br \/>\nDarin hei\u00dft es unter Anderem (Stand 25.6.2018, ohne Garantie f\u00fcr Aktualit\u00e4t):<br \/>\n<b><i>\u201cAdressbuch.<\/i><\/b><i> Im Einklang mit geltenden Gesetzen stellst du uns regelm\u00e4\u00dfig die Telefonnummern von WhatsApp Nutzern und anderen Kontakten in deinem Mobiltelefon-Adressbuch zur Verf\u00fcgung, darunter sowohl die Nummern von Nutzern unserer Dienste als auch die von deinen sonstigen Kontakten.\u201d <\/i><\/p>\n<p>Seit der Messenger im Verein genutzt wird, muss also davon ausgegangen werden, dass \u00fcber die Adressb\u00fccher auf den Mobiltelefonen auch alle Kontaktdaten derjenigen Vereinsmitglieder auf dem Whatsapp-Server gespeichert sind, die selber kein Whatsapp nutzen. Es wird bis zu einer gegenteiligen Aussage davon ausgegangen, dass alle Vereinsmitglieder damit einverstanden sind.<\/p>\n<p>Sollte ein Mitglied (im Folgenden &#8222;Whatsapp-Gegner&#8220; genannt) damit nicht einverstanden sein, m\u00fcssten folgende Ma\u00dfnahmen ergriffen werden:<\/p>\n<ol>\n<li>Der\u00a0Whatsapp-Gegner darf selbstverst\u00e4ndlich selber kein Whatsapp installieren und nutzen.<\/li>\n<li>Der Whatsapp-Gegner hat sich an Whatsapp zu wenden, um seine Daten bei Whatsapp l\u00f6schen zu lassen.<\/li>\n<li>Um zu verhindern, dass die Kontaktdaten des Whatsapp-Gegners nicht erneut bei Whatsapp gespeichert werden, darf kein Vereinsmitglied und keine sonstige Person, die Whatsapp nutzt und vom Whatsapp-Gegner seine neue Rufnummer erh\u00e4lt, die neue Nummer im Kontaktverzeichnis eines Mobiltelefons speichern. Der\u00a0Whatsapp-Gegner ist selber daf\u00fcr zust\u00e4ndig, alle Empf\u00e4nger der neuen Rufnummer dar\u00fcber zu informieren und das ggf. zu kontrollieren. Der Verein kann das nicht f\u00fcr alle Vereinsmitglieder gew\u00e4hrleisten, weil keine privaten Mobiltelefone kontrolliert werden k\u00f6nnen.<\/li>\n<\/ol>\n<p>Wesentliche Informationen werden vom Vereinsvorsitzenden zus\u00e4tzlich per E-mail verteilt. Aber es wird nicht garantiert, dass alle per Whatsapp ausgetauschten Informationen auch per E-Mail verschickt werden.<\/p>\n<h2><b>Einwilligung zur Datennutzung<\/b><\/h2>\n<p>Laut DSGVO ben\u00f6tigt der Verein von allen Vereinsmitgliedern eine Zustimmung zu der in dieser Erkl\u00e4rung beschriebenen Datennutzung. F\u00fcr diese Zustimmung gilt:<\/p>\n<ul>\n<li>Sie ist freiwillig,<\/li>\n<li>wird nur f\u00fcr diesen beschriebenen Fall abgegeben,<\/li>\n<li>kann von jedem Mitglied jederzeit widerrufen werden,<\/li>\n<li>hat durch eine eindeutige best\u00e4tigende Handlung zu erfolgen (z.B. schriftliche Erkl\u00e4rung, ankreuzen einer Erkl\u00e4rung im Internet).<\/li>\n<\/ul>\n<h2><b>Richtigkeit der Daten<\/b><\/h2>\n<p>Der Verein ist nach der DSGVO verpflichtet, mit \u201cangemessenem Aufwand\u201d alle erhobenen Daten aktuell zu halten. Verantwortlich ist daf\u00fcr der erste Vorsitzende. Die Vereinsmitglieder verpflichten sich, alle \u00c4nderungen in den gespeicherten pers\u00f6nlichen Daten unverz\u00fcglich dem Vorsitzenden mit zu teilen.<\/p>\n<h2><b>Rechenschaftspflicht<\/b><\/h2>\n<p>Der Verein ist nach der DSGVO verpflichtet, die Einhaltung der datenschutzrechtlichen Grunds\u00e4tze nachweisen zu k\u00f6nnen, die die Vereinsmitglieder betreffen. Es muss nachgewiesen werden k\u00f6nnen,<\/p>\n<ul>\n<li>welche personenbezogenen Daten von Vereinsmitgliedern verarbeitet werden,<\/li>\n<li>auf welcher Rechtsgrundlage dies konkret gemacht wird,<\/li>\n<li>f\u00fcr welchen Zweck die Daten verwendet werden und<\/li>\n<li>wie lange sie noch gespeichert werden.<\/li>\n<\/ul>\n<p>Unterstellte Personen, welche Zugang zu personenbezogenen Daten haben, d\u00fcrfen diese ausschlie\u00dflich auf Weisung des Verantwortlichen verarbeiten. Dies muss ebenfalls nachgewiesen werden.<\/p>\n<p>F\u00fcr diese Dokumentationen wird vom Vereinsvorsitzenden ein <strong>Verzeichnis von Verarbeitungst\u00e4tigkeiten<\/strong> gef\u00fchrt. Ein solches Verzeichnis enth\u00e4lt:<\/p>\n<ol>\n<li>Name und Kontaktdaten des Verantwortlichen,<\/li>\n<li>Zwecke der Verarbeitung,<\/li>\n<li>Beschreibung der Kategorien betroffener Personen und der Kategorien personenbezogener Daten<\/li>\n<li>Kategorien von Empf\u00e4ngern von Daten, einschlie\u00dflich Empf\u00e4ngern in Drittstaaten<\/li>\n<li>Wenn m\u00f6glich, vorgesehene Fristen zur L\u00f6schung.<\/li>\n<\/ol>\n<h2><b>\u00c4nderung unserer Datenschutzbestimmungen<\/b><\/h2>\n<p>Wir behalten uns vor, diese Datenschutzerkl\u00e4rung anzupassen, damit sie stets den aktuellen rechtlichen Anforderungen entspricht oder um \u00c4nderungen unserer Datennutzung in der Datenschutzerkl\u00e4rung umzusetzen. Die aktuelle Datenschutzerkl\u00e4rung wird auf der Webseite im gesch\u00fctzten Mitgliederbereich mit Datum der letzten \u00c4nderungs vereinsintern ver\u00f6ffentlicht. Jede \u00c4nderung wird per E-mail und Webseitenbanner an alle Vereinsmitglieder kommuniziert. Jedes Vereinsmitglied ist verpflichtet, diese zu lesen und ggf. Widerspruch einzulegen.<\/p>\n<h2><b>Weitere Hinweise zur Datennutzung durch unsere vereinsinterne Webseite<br \/>\n<\/b><\/h2>\n<h3>Cookies<\/h3>\n<p>Wie viele andere Webseiten verwenden wir auch so genannte \u201eCookies\u201c. Cookies sind kleine Textdateien, die von einem Websiteserver auf Ihre Festplatte \u00fcbertragen werden. Hierdurch erhalten wir automatisch bestimmte Daten wie z. B. IP-Adresse, verwendeter Browser, Betriebssystem und Ihre Verbindung zum Internet.<\/p>\n<p>Cookies k\u00f6nnen nicht verwendet werden, um Programme zu starten oder Viren auf einen Computer zu \u00fcbertragen. Anhand der in Cookies enthaltenen Informationen k\u00f6nnen wir Ihnen die Navigation erleichtern und die korrekte Anzeige unserer Webseiten erm\u00f6glichen.<\/p>\n<p>In keinem Fall werden die von uns erfassten Daten an Dritte weitergegeben oder ohne Ihre Einwilligung eine Verkn\u00fcpfung mit personenbezogenen Daten hergestellt.<\/p>\n<p>Nat\u00fcrlich k\u00f6nnen Sie unsere Website grunds\u00e4tzlich auch ohne Cookies betrachten. Internet-Browser sind regelm\u00e4\u00dfig so eingestellt, dass sie Cookies akzeptieren. Im Allgemeinen k\u00f6nnen Sie die Verwendung von Cookies jederzeit \u00fcber die Einstellungen Ihres Browsers deaktivieren. Bitte verwenden Sie die Hilfefunktionen Ihres Internetbrowsers, um zu erfahren, wie Sie diese Einstellungen \u00e4ndern k\u00f6nnen. Bitte beachten Sie, dass einzelne Funktionen unserer Website m\u00f6glicherweise nicht funktionieren, wenn Sie die Verwendung von Cookies deaktiviert haben.<\/p>\n<h3>Erfassung allgemeiner Informationen beim Besuch unserer Website<\/h3>\n<p>Diese Informationen (Server-Logfiles) beinhalten etwa die Art des Webbrowsers, das verwendete Betriebssystem, den Domainnamen Ihres Internet-Service-Providers und \u00e4hnliches. Hierbei handelt es sich ausschlie\u00dflich um Informationen, welche keine R\u00fcckschl\u00fcsse auf Ihre Person zulassen.<\/p>\n<p>Diese Informationen sind technisch notwendig, um von Ihnen angeforderte Inhalte von Webseiten korrekt auszuliefern und fallen bei Nutzung des Internets zwingend an. Sie werden insbesondere zu folgenden Zwecken verarbeitet:<\/p>\n<ul>\n<li>Sicherstellung eines problemlosen Verbindungsaufbaus der Website,<\/li>\n<li>Sicherstellung einer reibungslosen Nutzung unserer Website,<\/li>\n<li>Auswertung der Systemsicherheit und -stabilit\u00e4t sowie<\/li>\n<li>zu weiteren administrativen Zwecken.<\/li>\n<\/ul>\n<p>Die Verarbeitung Ihrer personenbezogenen Daten basiert auf unserem berechtigten Interesse aus den vorgenannten Zwecken zur Datenerhebung. Wir verwenden Ihre Daten nicht, um R\u00fcckschl\u00fcsse auf Ihre Person zu ziehen. Empf\u00e4nger der Daten sind nur die verantwortliche Stelle und ggf. Auftragsverarbeiter.<\/p>\n<p>Anonyme Informationen dieser Art werden von uns ggfs. statistisch ausgewertet, um unseren Internetauftritt und die dahinterstehende Technik zu optimieren.<\/p>\n<h3>Registrierung auf unserer Webseite<\/h3>\n<p>Bei der Registrierung f\u00fcr die Nutzung unserer personalisierten Leistungen werden einige personenbezogene Daten erhoben, mindestens Nutzername, Spitzname, Passwort und E-Mail-Adresse. Weitere Angaben sind optional. Sind Sie bei uns registriert, k\u00f6nnen Sie auf Inhalte und Leistungen zugreifen, die wir nur registrierten Nutzern anbieten. Angemeldete Nutzer haben zudem die M\u00f6glichkeit, bei Bedarf die bei Registrierung angegebenen Daten jederzeit zu \u00e4ndern. Selbstverst\u00e4ndlich erteilen wir Ihnen dar\u00fcber hinaus jederzeit Auskunft \u00fcber die von uns \u00fcber Sie gespeicherten personenbezogenen Daten. Gerne berichtigen bzw. l\u00f6schen wir diese auch auf Ihren Wunsch, soweit keine gesetzlichen Aufbewahrungspflichten entgegenstehen. Zur Kontaktaufnahme in diesem Zusammenhang nutzen Sie bitte die am Ende dieser Datenschutzerkl\u00e4rung angegebenen Kontaktdaten.<\/p>\n<h3>Kommentarfunktion auf unserer Webseite<\/h3>\n<p>Wenn Nutzer Kommentare auf unserer Website hinterlassen, werden neben diesen Angaben auch der Zeitpunkt ihrer Erstellung und der zuvor durch den Websitebesucher gew\u00e4hlte Nutzername gespeichert. Dies dient unserer Sicherheit, da wir f\u00fcr widerrechtliche Inhalte auf unserer Webseite belangt werden k\u00f6nnen, auch wenn diese durch Benutzer erstellt wurden.<\/p>\n<h3>Hochgeladene Medien auf unserer Webseite<\/h3>\n<p>Es k\u00f6nnen Medien in allen Formaten hochgeladen werden, z. B. \u00a0PDF-Dokumente, Fotos und Vidoes in allen Formaten. Dabei k\u00f6nnen auch enthaltene Informationen, z. B. \u00a0EXIF-GPS-Standortinformationen gespeichert werden, die dann beim Herunterladen allen registrierten Nutzern zug\u00e4nglich sind.<\/p>\n<h3>Eingebettete Inhalte von anderen Websites<\/h3>\n<p>Beitr\u00e4ge auf dieser Website k\u00f6nnen eingebettete Inhalte beinhalten (z. B. Videos, Bilder, Beitr\u00e4ge etc.). Eingebettete Inhalte von anderen Websites verhalten sich exakt so, als ob der Besucher die andere Website besucht h\u00e4tte. Diese Websites k\u00f6nnen Daten \u00fcber den Nutzer sammeln, Cookies benutzen, zus\u00e4tzliche Tracking-Dienste von Dritten einbetten und die Interaktion mit diesem eingebetteten Inhalt aufzeichnen.<\/p>\n<h3>Verwendete Daten von Drittanbietern<\/h3>\n<p>Es werden keine Daten von Drittanbietern verwendet, insbesondere nicht \u00fcber die Nutzer.<\/p>\n<h3>Verwendung von Scriptbibliotheken (Google Webfonts)<\/h3>\n<p>Um unsere Inhalte browser\u00fcbergreifend korrekt und grafisch ansprechend darzustellen, verwenden wir auf dieser Website Scriptbibliotheken und Schriftbibliotheken wie z. B. Google Webfonts (<a href=\"http:\/\/www.google.com\/webfonts\/\">https:\/\/www.google.com\/webfonts\/<\/a>). Google Webfonts werden zur Vermeidung mehrfachen Ladens in den Cache Ihres Browsers \u00fcbertragen. Falls der Browser die Google Webfonts nicht unterst\u00fctzt oder den Zugriff unterbindet, werden Inhalte in einer Standardschrift angezeigt.<\/p>\n<p>Der Aufruf von Scriptbibliotheken oder Schriftbibliotheken l\u00f6st automatisch eine Verbindung zum Betreiber der Bibliothek aus. Dabei ist es theoretisch m\u00f6glich \u2013 aktuell allerdings auch unklar ob und ggf. zu welchen Zwecken \u2013 dass Betreiber entsprechender Bibliotheken Daten erheben.<\/p>\n<p>Die Datenschutzrichtlinie des Bibliothekbetreibers Google finden Sie hier:<a href=\"https:\/\/www.google.com\/policies\/privacy\/\"> https:\/\/www.google.com\/policies\/privacy\/<\/a><\/p>\n<h3>Verwendung von Adobe Typekit<\/h3>\n<p>Wir setzen Adobe Typekit zur visuellen Gestaltung unserer Website ein. Typekit ist ein Dienst der Adobe Systems Software Ireland Ltd. der uns den Zugriff auf eine Schriftartenbibliothek gew\u00e4hrt. Zur Einbindung der von uns benutzten Schriftarten, muss Ihr Browser eine Verbindung zu einem Server von Adobe in den USA aufbauen und die f\u00fcr unsere Website ben\u00f6tigte Schriftart herunterladen. Adobe erh\u00e4lt hierdurch die Information, dass von Ihrer IP-Adresse unsere Website aufgerufen wurde. Weitere Informationen zu Adobe Typekit finden Sie in den Datenschutzhinweisen von Adobe, die Sie hier abrufen k\u00f6nnen:<a href=\"http:\/\/www.adobe.com\/privacy\/typekit.html\"> www.adobe.com\/privacy\/typekit.html<\/a><\/p>\n<h3>Verwendung von Google Maps<\/h3>\n<p>Diese Webseite verwendet Google Maps API, um geographische Informationen visuell darzustellen. Bei der Nutzung von Google Maps werden von Google auch Daten \u00fcber die Nutzung der Kartenfunktionen durch Besucher erhoben, verarbeitet und genutzt. N\u00e4here Informationen \u00fcber die Datenverarbeitung durch Google k\u00f6nnen Sie<a href=\"http:\/\/www.google.com\/privacypolicy.html\"> den Google-Datenschutzhinweisen<\/a> entnehmen. Dort k\u00f6nnen Sie im Datenschutzcenter auch Ihre pers\u00f6nlichen Datenschutz-Einstellungen ver\u00e4ndern.<\/p>\n<p>Ausf\u00fchrliche Anleitungen zur Verwaltung der eigenen Daten im Zusammenhang mit Google-Produkten<a href=\"http:\/\/www.dataliberation.org\/\"> finden Sie hier<\/a>.<\/p>\n<h2><b>Glossar<\/b><\/h2>\n<p>DSGVO: Europ\u00e4ische Datenschutzgrundverordnung, <a href=\"https:\/\/de.wikipedia.org\/wiki\/Datenschutz-Grundverordnung\">https:\/\/de.wikipedia.org\/wiki\/Datenschutz-Grundverordnung<\/a><\/p>\n<p>BDMP: <a href=\"https:\/\/www.bdmp.de\/startseite\/\">Bund der Milit\u00e4r- und Polizeisch\u00fctzen e.V.<\/a><\/p>\n<h2><b>Fragen an den Datenschutzbeauftragten<\/b><\/h2>\n<p>Wenn Sie Fragen zum Datenschutz haben, schreiben Sie uns bitte eine E-Mail oder wenden Sie sich direkt an die f\u00fcr den Datenschutz verantwortliche Person in unserer Organisation:<\/p>\n<p><a href=\"mailto:admin@ssg-fliegerhorst.de\">admin@ssg-fliegerhorst.de<\/a> oder <a href=\"mailto:taal54@web.de\">taal54@web.de<\/a>.<\/p>\n","protected":false},"excerpt":{"rendered":"<p>Datenschutzerkl\u00e4rung f\u00fcr die Datennutzung in der SSG Fliegerhorst Wunstorf e.V. Version vom 26.6.2018 Einleitung F\u00fcr unseren Verein gibt es zwei Datenschutzerkl\u00e4rungen: Dieses ist die vollst\u00e4ndige vereinsinterne Datenschutzerkl\u00e4rung, die die interne &hellip; <a href=\"https:\/\/ssg-fliegerhorst.de\/?page_id=2413\" class=\"more-link\"><span class=\"screen-reader-text\">Interne Datenschutzerkl\u00e4rung<\/span> weiterlesen <span class=\"meta-nav\">&rarr;<\/span><\/a><\/p>\n","protected":false},"author":1,"featured_media":0,"parent":556,"menu_order":0,"comment_status":"closed","ping_status":"closed","template":"","meta":{"footnotes":""},"class_list":["post-2413","page","type-page","status-publish","hentry"],"_links":{"self":[{"href":"https:\/\/ssg-fliegerhorst.de\/index.php?rest_route=\/wp\/v2\/pages\/2413","targetHints":{"allow":["GET"]}}],"collection":[{"href":"https:\/\/ssg-fliegerhorst.de\/index.php?rest_route=\/wp\/v2\/pages"}],"about":[{"href":"https:\/\/ssg-fliegerhorst.de\/index.php?rest_route=\/wp\/v2\/types\/page"}],"author":[{"embeddable":true,"href":"https:\/\/ssg-fliegerhorst.de\/index.php?rest_route=\/wp\/v2\/users\/1"}],"replies":[{"embeddable":true,"href":"https:\/\/ssg-fliegerhorst.de\/index.php?rest_route=%2Fwp%2Fv2%2Fcomments&post=2413"}],"version-history":[{"count":7,"href":"https:\/\/ssg-fliegerhorst.de\/index.php?rest_route=\/wp\/v2\/pages\/2413\/revisions"}],"predecessor-version":[{"id":5400,"href":"https:\/\/ssg-fliegerhorst.de\/index.php?rest_route=\/wp\/v2\/pages\/2413\/revisions\/5400"}],"up":[{"embeddable":true,"href":"https:\/\/ssg-fliegerhorst.de\/index.php?rest_route=\/wp\/v2\/pages\/556"}],"wp:attachment":[{"href":"https:\/\/ssg-fliegerhorst.de\/index.php?rest_route=%2Fwp%2Fv2%2Fmedia&parent=2413"}],"curies":[{"name":"wp","href":"https:\/\/api.w.org\/{rel}","templated":true}]}}