{"id":29,"date":"2015-06-17T21:38:03","date_gmt":"2015-06-17T19:38:03","guid":{"rendered":"http:\/\/www.ssg-fliegerhorst.de\/wordpress\/?page_id=29"},"modified":"2025-04-24T12:26:35","modified_gmt":"2025-04-24T10:26:35","slug":"unser-verein","status":"publish","type":"page","link":"https:\/\/ssg-fliegerhorst.de\/?page_id=29","title":{"rendered":"Unser Verein"},"content":{"rendered":"<p align=\"justify\"><b>Die Schie\u00dfsportgemeinschaft Fliegerhorst Wunstorf wurde 1991 von seinerzeit 10 aktiven und ehemaligen Angeh\u00f6rigen des Fliegerhorstes gegr\u00fcndet. 1995 wurde die SSG als &#8222;e. V.&#8220; ins Vereinsregister Neustadt eingetragen. Die Mitgliederzahl hat sich bis heute (Anfang 2025) auf gut 65 erh\u00f6ht.<\/b><\/p>\n<p>Die SSG Fliegerhorst Wunstorf e.V. ist dem &#8220; Bund der Milit\u00e4r- und Polizeisch\u00fctzen e.V. &#8220; als \u00fcber\u00f6rtlichem Dachverband angeschlossen. Der BDMP e.V. hat seinen Sitz in Paderborn und geh\u00f6rt zu den f\u00fchrenden Schie\u00dfsportverb\u00e4nden in Deutschland.<br \/>\nWer einen traditionellen Sch\u00fctzenverein sucht, mit Luftgewehr- und Kleinkaliberschie\u00dfen, Traditionspflege und viel Geselligkeit, ist bei uns an der falschen Adresse. Unser Schwerpunkt liegt auf dem sportlichen Sektor, also Training und Wettkampf mit klein- und gro\u00dfkalibrigen Sportwaffen, sowohl Gewehr als auch Pistole und Revolver.<\/p>\n<p>Gastsch\u00fctzen sind willkommen, werden aber gebeten, vorab den Vorstand oder Webseitenadmin per Email zu kontaktieren.<\/p>\n\n\n<div data-wp-interactive=\"core\/file\" class=\"wp-block-file\"><object data-wp-bind--hidden=\"!state.hasPdfPreview\" hidden class=\"wp-block-file__embed\" data=\"https:\/\/ssg-fliegerhorst.de\/wp-content\/uploads\/2025\/04\/Satzung-SSG-neu-2009.pdf\" type=\"application\/pdf\" style=\"width:100%;height:600px\" aria-label=\"Einbettung von Satzung SSG neu 2009.\"><\/object><a id=\"wp-block-file--media-15a4354d-ce63-4088-a205-73d6c43183aa\" href=\"https:\/\/ssg-fliegerhorst.de\/wp-content\/uploads\/2025\/04\/Satzung-SSG-neu-2009.pdf\">Satzung SSG neu 2009<\/a><a href=\"https:\/\/ssg-fliegerhorst.de\/wp-content\/uploads\/2025\/04\/Satzung-SSG-neu-2009.pdf\" class=\"wp-block-file__button wp-element-button\" download aria-describedby=\"wp-block-file--media-15a4354d-ce63-4088-a205-73d6c43183aa\">Herunterladen<\/a><\/div>\n","protected":false},"excerpt":{"rendered":"<p>Die Schie\u00dfsportgemeinschaft Fliegerhorst Wunstorf wurde 1991 von seinerzeit 10 aktiven und ehemaligen Angeh\u00f6rigen des Fliegerhorstes gegr\u00fcndet. 1995 wurde die SSG als &#8222;e. V.&#8220; ins Vereinsregister Neustadt eingetragen. Die Mitgliederzahl hat &hellip; <a href=\"https:\/\/ssg-fliegerhorst.de\/?page_id=29\" class=\"more-link\"><span class=\"screen-reader-text\">Unser Verein<\/span> weiterlesen <span class=\"meta-nav\">&rarr;<\/span><\/a><\/p>\n","protected":false},"author":1,"featured_media":0,"parent":0,"menu_order":2,"comment_status":"open","ping_status":"closed","template":"","meta":{"footnotes":""},"class_list":["post-29","page","type-page","status-publish","hentry"],"_links":{"self":[{"href":"https:\/\/ssg-fliegerhorst.de\/index.php?rest_route=\/wp\/v2\/pages\/29","targetHints":{"allow":["GET"]}}],"collection":[{"href":"https:\/\/ssg-fliegerhorst.de\/index.php?rest_route=\/wp\/v2\/pages"}],"about":[{"href":"https:\/\/ssg-fliegerhorst.de\/index.php?rest_route=\/wp\/v2\/types\/page"}],"author":[{"embeddable":true,"href":"https:\/\/ssg-fliegerhorst.de\/index.php?rest_route=\/wp\/v2\/users\/1"}],"replies":[{"embeddable":true,"href":"https:\/\/ssg-fliegerhorst.de\/index.php?rest_route=%2Fwp%2Fv2%2Fcomments&post=29"}],"version-history":[{"count":22,"href":"https:\/\/ssg-fliegerhorst.de\/index.php?rest_route=\/wp\/v2\/pages\/29\/revisions"}],"predecessor-version":[{"id":6512,"href":"https:\/\/ssg-fliegerhorst.de\/index.php?rest_route=\/wp\/v2\/pages\/29\/revisions\/6512"}],"wp:attachment":[{"href":"https:\/\/ssg-fliegerhorst.de\/index.php?rest_route=%2Fwp%2Fv2%2Fmedia&parent=29"}],"curies":[{"name":"wp","href":"https:\/\/api.w.org\/{rel}","templated":true}]}}