{"id":663,"date":"2015-06-25T23:08:45","date_gmt":"2015-06-25T21:08:45","guid":{"rendered":"http:\/\/www.ssg-fliegerhorst.de\/wordpress\/?page_id=663"},"modified":"2018-06-27T21:54:54","modified_gmt":"2018-06-27T19:54:54","slug":"willkommen-im-mitgliederbereich","status":"publish","type":"page","link":"https:\/\/ssg-fliegerhorst.de\/?page_id=663","title":{"rendered":"Anleitung zur Webseite"},"content":{"rendered":"<h3 class=\"western\"><em>Liebe Vereinsmitglieder,<\/em><\/h3>\n<p>willkommen auf der neuen Webseite!!!<\/p>\n<p>Wenn Ihr diesen Beitrag lesen k\u00f6nnt, habt Ihr Euch schon erfolgreich angemeldet und Ihr seid auch in den Mitgliederbereich aufgenommen worden.<\/p>\n<h2>Webseite<\/h2>\n<p>Direkt nach der Anmeldung bleibt Ihr auf der <strong>Webseite<\/strong> und habt Zugriff auf auf den Mitgliederbereich. Ihr k\u00f6nnt direkt auf der Webseite viele Dinge tun, z. B. Kommentare schreiben, Termine anlegen und Termine auch \u00e4ndern. Letzteres dient vor allem zum <span style=\"color: #ff0000;\">Eintragen als Schie\u00dfleiter:<\/span><br \/>\nAuf Termin klicken (entweder direkt \u00fcber die Seitenleiste oder \u00fcber die Kalenderansicht) &#8211;&gt; auf &#8222;Bearbeiten&#8220; klicken &#8211;&gt; In der Beschreibung den Text &#8222;Schie\u00dfleiter: Noch gesucht!&#8220; in zum Beispiel:\u00a0 &#8222;Schie\u00dfleiter: Bodo Baller&#8220; \u00e4ndern.<\/p>\n<p>Termine pr\u00fcfen kann man am Einfachsten, indem man in der Kalenderansicht mit der Maus dar\u00fcber schwebt.<\/p>\n<p><strong>Wichtiger Hinweis: Die Kalender-Tabellenansicht &#8222;Alle Veranstaltungen anzeigen&#8220; hat eine feste Gr\u00f6\u00dfe. Wenn das Display des Anzeigeger\u00e4tes zu klein ist, also zu wenige Pixel hat, dann wird der Kalender vom Browser nicht dargestellt. Abhilfe: Evtl. Smartphone quer drehen oder den ganzen Browser kleiner zoomen oder eine Ger\u00e4t mit gr\u00f6\u00dferem Bildschirm nutzen. Als R\u00fcckfallebene sind die kommenden Termine auch noch auf der Seitenleiste sichtbar.<\/strong><\/p>\n<p>Man kann auch Beitr\u00e4ge und Kommentare lesen und alles selber kommentieren.<\/p>\n<p>Hinweis: Alle <em>Seiten<\/em> sind f\u00fcr unver\u00e4nderliche Inhalte gedacht, z. B. allgemeine Informationen \u00fcber den Verein. Die <em>Beitr\u00e4ge<\/em>, die wiederum von allen Vereinsmitgliedern beliebig oft kommentiert werden k\u00f6nnen, sind f\u00fcr weniger dauerhafte Mitteilungen gedacht, z. B. aktuelle Diskussionen, Angebote oder Gesuche, Vorschl\u00e4ge f\u00fcr gemeinsame Unternehmungen, Fragen in die Runde oder \u00c4hnliches.<\/p>\n<p>Die Seite hat viele Inhalte auf vielen Ebenen. Wie finde ich am Einfachsten etwas wieder? Daf\u00fcr gibt es zum Gl\u00fcck die &#8222;<em>Suchen<\/em>&#8222;-Funktion: Einfach in diesem Feld einen Begriff eingeben, und es werden alle Fundstellen aufgelistet.<\/p>\n<h2 class=\"western\">Administrationsbereich<\/h2>\n<p class=\"western\">Viele Aktionen sind nur in dem <strong>Administrationsbereich<\/strong> m\u00f6glich. In diesen Bereich kommt Ihr, wenn Ihr in der linken Seitenleiste den Link <strong>&#8222;Administration&#8220;<\/strong> klickt. Dann seht Ihr weitere interne Men\u00fcs. Hier ist eine Kurzanleitung, was man in welchem Men\u00fc machen kann:<\/p>\n<h6 class=\"western\">&#8222;Zur Webseite&#8220;<\/h6>\n<p>Ganz wichtig: Hier kommt man zur\u00fcck in die Webseiten-Ansicht.<\/p>\n<h6 class=\"western\">&#8222;\u00dcbersicht&#8220;<\/h6>\n<p>Hier bekommt man eine \u00dcbersicht, was sich in letzter Zeit auf der Webseite getan hat, z. B. wer welche Beitr\u00e4ge als Letztes verfasst oder ge\u00e4ndert hat.<\/p>\n<h6 class=\"western\">&#8222;Ausloggen&#8220;<\/h6>\n<p>Darin kann man sich <b>abmelden<\/b>. Das sollte man machen, bevor man den Webbrowser schlie\u00dft.<\/p>\n<p>Dieses Men\u00fc sieht man aber auch auf der Webseite an der gleichen Stelle.<\/p>\n<h6 class=\"western\">&#8222;Textbeitr\u00e4ge&#8220;<\/h6>\n<p>&#8222;Beitr\u00e4ge&#8220; sind dynamische Mitteilungen, die auf der Webseite erscheinen. Sie sind vergleichbar mit einer Whatsapp-Nachricht oder einem Diskussionsforum. Alle Beitr\u00e4ge k\u00f6nnen von allen anderen Mitgliedern gelesen und kommentiert werden, und jeder kann alle Kommentare sehen. Au\u00dfenstehende k\u00f6nnen sie nicht sehen.<\/p>\n<p>Es wurden schon verschiedene Beitragskategorien angelegt, nach denen man auch filtern kann:<\/p>\n<ul>\n<li>Allgemein<\/li>\n<li>Biete<\/li>\n<li>Suche<\/li>\n<li>Waffentechnik<\/li>\n<li>Veranstaltungsvorschl\u00e4ge<\/li>\n<li>Probleme mit der Webseite<\/li>\n<\/ul>\n<p>Jeder kann aber beliebige weitere Kategorien anlegen. Hier kann man eine Liste aller Beitr\u00e4ge sehen oder einen neuen Beitrag erstellen. Er kann danach jederzeit ge\u00e4ndert oder gel\u00f6scht werden. Man kann auch Bilder in Beitr\u00e4gen einbinden.<\/p>\n<h6 class=\"western\">&#8222;Hochgeladene Dateien&#8220;<\/h6>\n<p>Hier k\u00f6nnen alle hochgeladenen Bilder angesehen und weitere hochgeladen werden. Nur hochgeladene Bilder k\u00f6nnen in Beitr\u00e4gen\u00a0 angezeigt werden.<\/p>\n<h6 class=\"western\">&#8222;Fotoalben&#8220;<\/h6>\n<p>Wenn man viele Bilder z. B. zu einem Ereignis ver\u00f6ffentlichen will, ist es sinnvoll und f\u00fcr den Betrachter \u00fcbersichtlicher, ein Fotoalbum an zu legen und die Bilder dort zu erg\u00e4nzen. In diesem Men\u00fc kann man das tun. Hochgeladene Bilder und auch ganze Alben k\u00f6nnen jederzeit wieder gel\u00f6scht werden. Alle Fotoalben sind nur f\u00fcr Vereinsmitglieder sichtbar.<\/p>\n<h6 class=\"western\">&#8222;Kommentare&#8220;<\/h6>\n<p>Hier werden alle erstellten Kommentare aufgelistet. Alles kann kommentiert werden, und auf alle Kommentare kann geantwortet werden. Dazu geht man am Besten auf die Webseiten-Ansicht. Auf jeder Seite findet man unten ein Kommentarfeld. Alle Kommentare k\u00f6nnen nur von Mitgliedern gesehen werden. Alle Kommentare k\u00f6nnen hier auch nachtr\u00e4glich bearbeitet und gel\u00f6scht werden.<\/p>\n<h6 class=\"western\">&#8222;Veranstaltungen&#8220; (Kopfleiste oder Seitenleiste)<\/h6>\n<p>Hier k\u00f6nnen Termine ge\u00e4ndert oder gel\u00f6scht oder erstellt werden. Wenn man in der Nutzerklasse \u201eRedakteur\u201c ist, kann man auch fremde Termine bearbeiten, sonst nur die eigenen. Dabei bitte beachten, dass die vordefinierten Felder korrekt gesetzt werden.<\/p>\n<h6 class=\"western\" style=\"padding-left: 30px;\">&#8222;Veranstaltungskategorien&#8220;<\/h6>\n<p style=\"padding-left: 30px;\">Hier k\u00f6nnen die Kategorien verwaltet und erg\u00e4nzt werden.<\/p>\n<h6 class=\"western\" style=\"padding-left: 30px;\">&#8222;Veranstaltungsorte&#8220;<\/h6>\n<p style=\"padding-left: 30px;\">Hier k\u00f6nnen Orte verwaltet und erg\u00e4nzt werden.<\/p>\n<h6>&#8222;Profil&#8220;<\/h6>\n<p>Hier k\u00f6nnen Einstellungen zum Nutzerprofil vorgenommen werden, z.B. Passwort-\u00c4nderung.<\/p>\n<p>&nbsp;<\/p>\n<h2 class=\"western\">Was tun bei Fragen und Problemen mit der Webseite?<\/h2>\n<p>M\u00f6glichkeit 1: Einfach einen Kommentar an der entsprechenden Stelle schreiben.<\/p>\n<p>M\u00f6glichkeit 2: Einen neuen Beitrag mit der vorhandenen Kategorie \u201eProbleme mit der Webseite\u201c erstellen.<\/p>\n<p>M\u00f6glichkeit 3: E-mail an <span style=\"font-size: small;\"><a href=\"mailto:admin@ssg-fliegerhorst.de\">admin@ssg-fliegerhorst.de<\/a><\/span> schreiben.<\/p>\n<p>M\u00f6glichkeit 4: Mich direkt beim Montagstraining ansprechen, ich bin regelm\u00e4\u00dfig dort.<\/p>\n<p>Viel Spa\u00df beim Ausprobieren!<\/p>\n<p>Oliver Bolzmann<\/p>\n<p>&nbsp;<\/p>\n<p><a href=\"https:\/\/ssg-fliegerhorst.de\/\">Zur\u00fcck zur Startseite<\/a><\/p>\n","protected":false},"excerpt":{"rendered":"<p>Liebe Vereinsmitglieder, willkommen auf der neuen Webseite!!! Wenn Ihr diesen Beitrag lesen k\u00f6nnt, habt Ihr Euch schon erfolgreich angemeldet und Ihr seid auch in den Mitgliederbereich aufgenommen worden. Webseite Direkt &hellip; <a href=\"https:\/\/ssg-fliegerhorst.de\/?page_id=663\" class=\"more-link\"><span class=\"screen-reader-text\">Anleitung zur Webseite<\/span> weiterlesen <span class=\"meta-nav\">&rarr;<\/span><\/a><\/p>\n","protected":false},"author":1,"featured_media":0,"parent":556,"menu_order":1,"comment_status":"open","ping_status":"closed","template":"","meta":{"footnotes":""},"class_list":["post-663","page","type-page","status-publish","hentry"],"_links":{"self":[{"href":"https:\/\/ssg-fliegerhorst.de\/index.php?rest_route=\/wp\/v2\/pages\/663","targetHints":{"allow":["GET"]}}],"collection":[{"href":"https:\/\/ssg-fliegerhorst.de\/index.php?rest_route=\/wp\/v2\/pages"}],"about":[{"href":"https:\/\/ssg-fliegerhorst.de\/index.php?rest_route=\/wp\/v2\/types\/page"}],"author":[{"embeddable":true,"href":"https:\/\/ssg-fliegerhorst.de\/index.php?rest_route=\/wp\/v2\/users\/1"}],"replies":[{"embeddable":true,"href":"https:\/\/ssg-fliegerhorst.de\/index.php?rest_route=%2Fwp%2Fv2%2Fcomments&post=663"}],"version-history":[{"count":30,"href":"https:\/\/ssg-fliegerhorst.de\/index.php?rest_route=\/wp\/v2\/pages\/663\/revisions"}],"predecessor-version":[{"id":2431,"href":"https:\/\/ssg-fliegerhorst.de\/index.php?rest_route=\/wp\/v2\/pages\/663\/revisions\/2431"}],"up":[{"embeddable":true,"href":"https:\/\/ssg-fliegerhorst.de\/index.php?rest_route=\/wp\/v2\/pages\/556"}],"wp:attachment":[{"href":"https:\/\/ssg-fliegerhorst.de\/index.php?rest_route=%2Fwp%2Fv2%2Fmedia&parent=663"}],"curies":[{"name":"wp","href":"https:\/\/api.w.org\/{rel}","templated":true}]}}